{"id":97,"date":"2016-07-30T13:31:13","date_gmt":"2016-07-30T13:31:13","guid":{"rendered":"http:\/\/varvsgatan.se\/?page_id=97"},"modified":"2020-09-24T21:01:38","modified_gmt":"2020-09-24T21:01:38","slug":"gamla-trabatar","status":"publish","type":"page","link":"https:\/\/varvsgatan.se\/?page_id=97","title":{"rendered":"Gamla Tr\u00e4b\u00e5tar"},"content":{"rendered":"<p>Fr\u00e5n Saxemara Classic Boat Show 2016<\/p>\n<div style=\"width: 580px;\" class=\"wp-video\"><!--[if lt IE 9]><script>document.createElement('video');<\/script><![endif]-->\n<video class=\"wp-video-shortcode\" id=\"video-97-1\" width=\"580\" height=\"326\" preload=\"metadata\" controls=\"controls\"><source type=\"video\/mp4\" src=\"http:\/\/varvsgatan.se\/wp-content\/uploads\/2016\/07\/20160730_113057.mp4?_=1\" \/><a href=\"http:\/\/varvsgatan.se\/wp-content\/uploads\/2016\/07\/20160730_113057.mp4\">http:\/\/varvsgatan.se\/wp-content\/uploads\/2016\/07\/20160730_113057.mp4<\/a><\/video><\/div>\n<p><a href=\"http:\/\/varvsgatan.se\/wp-content\/uploads\/2016\/07\/DSC00393.jpg\"><img loading=\"lazy\" decoding=\"async\" class=\"alignnone wp-image-99 size-large\" src=\"http:\/\/varvsgatan.se\/wp-content\/uploads\/2016\/07\/DSC00393-e1591302414535-768x1024.jpg\" alt=\"DSC00393\" width=\"660\" height=\"880\" srcset=\"https:\/\/varvsgatan.se\/wp-content\/uploads\/2016\/07\/DSC00393-e1591302414535-768x1024.jpg 768w, https:\/\/varvsgatan.se\/wp-content\/uploads\/2016\/07\/DSC00393-e1591302414535-225x300.jpg 225w, https:\/\/varvsgatan.se\/wp-content\/uploads\/2016\/07\/DSC00393-e1591302414535.jpg 1944w\" sizes=\"auto, (max-width: 660px) 100vw, 660px\" \/><\/a><\/p>\n<p><a href=\"http:\/\/varvsgatan.se\/wp-content\/uploads\/2016\/07\/DSC00395.jpg\"><img loading=\"lazy\" decoding=\"async\" class=\"alignnone size-large wp-image-101\" src=\"http:\/\/varvsgatan.se\/wp-content\/uploads\/2016\/07\/DSC00395-1024x768.jpg\" alt=\"DSC00395\" width=\"660\" height=\"495\" srcset=\"https:\/\/varvsgatan.se\/wp-content\/uploads\/2016\/07\/DSC00395-1024x768.jpg 1024w, https:\/\/varvsgatan.se\/wp-content\/uploads\/2016\/07\/DSC00395-300x225.jpg 300w\" sizes=\"auto, (max-width: 660px) 100vw, 660px\" \/><\/a><\/p>\n<p><a href=\"http:\/\/varvsgatan.se\/wp-content\/uploads\/2016\/07\/DSC00397.jpg\"><img loading=\"lazy\" decoding=\"async\" class=\"alignnone size-large wp-image-102\" src=\"http:\/\/varvsgatan.se\/wp-content\/uploads\/2016\/07\/DSC00397-1024x768.jpg\" alt=\"DSC00397\" width=\"660\" height=\"495\" srcset=\"https:\/\/varvsgatan.se\/wp-content\/uploads\/2016\/07\/DSC00397-1024x768.jpg 1024w, https:\/\/varvsgatan.se\/wp-content\/uploads\/2016\/07\/DSC00397-300x225.jpg 300w\" sizes=\"auto, (max-width: 660px) 100vw, 660px\" \/><\/a><\/p>\n<p><a href=\"http:\/\/varvsgatan.se\/wp-content\/uploads\/2016\/07\/DSC00398.jpg\"><img loading=\"lazy\" decoding=\"async\" class=\"alignnone size-large wp-image-103\" src=\"http:\/\/varvsgatan.se\/wp-content\/uploads\/2016\/07\/DSC00398-1024x768.jpg\" alt=\"DSC00398\" width=\"660\" height=\"495\" srcset=\"https:\/\/varvsgatan.se\/wp-content\/uploads\/2016\/07\/DSC00398-1024x768.jpg 1024w, https:\/\/varvsgatan.se\/wp-content\/uploads\/2016\/07\/DSC00398-300x225.jpg 300w\" sizes=\"auto, (max-width: 660px) 100vw, 660px\" \/><\/a><\/p>\n<p><a href=\"http:\/\/varvsgatan.se\/wp-content\/uploads\/2016\/07\/DSC00399-1.jpg\"><img loading=\"lazy\" decoding=\"async\" class=\"alignnone wp-image-104 size-large\" src=\"http:\/\/varvsgatan.se\/wp-content\/uploads\/2016\/07\/DSC00399-1-e1600981179693-768x1024.jpg\" alt=\"DSC00399 (1)\" width=\"660\" height=\"880\" srcset=\"https:\/\/varvsgatan.se\/wp-content\/uploads\/2016\/07\/DSC00399-1-e1600981179693-768x1024.jpg 768w, https:\/\/varvsgatan.se\/wp-content\/uploads\/2016\/07\/DSC00399-1-e1600981179693-225x300.jpg 225w, https:\/\/varvsgatan.se\/wp-content\/uploads\/2016\/07\/DSC00399-1-e1600981179693.jpg 1944w\" sizes=\"auto, (max-width: 660px) 100vw, 660px\" \/><\/a><\/p>\n<p><a href=\"http:\/\/varvsgatan.se\/wp-content\/uploads\/2016\/07\/DSC00400.jpg\"><img loading=\"lazy\" decoding=\"async\" class=\"alignnone size-large wp-image-105\" src=\"http:\/\/varvsgatan.se\/wp-content\/uploads\/2016\/07\/DSC00400-1024x768.jpg\" alt=\"DSC00400\" width=\"660\" height=\"495\" srcset=\"https:\/\/varvsgatan.se\/wp-content\/uploads\/2016\/07\/DSC00400-1024x768.jpg 1024w, https:\/\/varvsgatan.se\/wp-content\/uploads\/2016\/07\/DSC00400-300x225.jpg 300w\" sizes=\"auto, (max-width: 660px) 100vw, 660px\" \/><\/a><\/p>\n<p><a href=\"http:\/\/varvsgatan.se\/wp-content\/uploads\/2016\/07\/DSC00403.jpg\"><img loading=\"lazy\" decoding=\"async\" class=\"alignnone size-large wp-image-107\" src=\"http:\/\/varvsgatan.se\/wp-content\/uploads\/2016\/07\/DSC00403-1024x768.jpg\" alt=\"DSC00403\" width=\"660\" height=\"495\" srcset=\"https:\/\/varvsgatan.se\/wp-content\/uploads\/2016\/07\/DSC00403-1024x768.jpg 1024w, https:\/\/varvsgatan.se\/wp-content\/uploads\/2016\/07\/DSC00403-300x225.jpg 300w\" sizes=\"auto, (max-width: 660px) 100vw, 660px\" \/><\/a><\/p>\n<p><a href=\"http:\/\/varvsgatan.se\/wp-content\/uploads\/2016\/07\/DSC00404.jpg\"><img loading=\"lazy\" decoding=\"async\" class=\"alignnone size-large wp-image-108\" src=\"http:\/\/varvsgatan.se\/wp-content\/uploads\/2016\/07\/DSC00404-1024x768.jpg\" alt=\"DSC00404\" width=\"660\" height=\"495\" srcset=\"https:\/\/varvsgatan.se\/wp-content\/uploads\/2016\/07\/DSC00404-1024x768.jpg 1024w, https:\/\/varvsgatan.se\/wp-content\/uploads\/2016\/07\/DSC00404-300x225.jpg 300w\" sizes=\"auto, (max-width: 660px) 100vw, 660px\" \/><\/a><\/p>\n<p><a href=\"http:\/\/varvsgatan.se\/wp-content\/uploads\/2016\/07\/DSC00405.jpg\"><img loading=\"lazy\" decoding=\"async\" class=\"alignnone size-large wp-image-109\" src=\"http:\/\/varvsgatan.se\/wp-content\/uploads\/2016\/07\/DSC00405-1024x768.jpg\" alt=\"DSC00405\" width=\"660\" height=\"495\" srcset=\"https:\/\/varvsgatan.se\/wp-content\/uploads\/2016\/07\/DSC00405-1024x768.jpg 1024w, https:\/\/varvsgatan.se\/wp-content\/uploads\/2016\/07\/DSC00405-300x225.jpg 300w\" sizes=\"auto, (max-width: 660px) 100vw, 660px\" \/><\/a><\/p>\n<p><a href=\"http:\/\/varvsgatan.se\/wp-content\/uploads\/2016\/07\/DSC00406.jpg\"><img loading=\"lazy\" decoding=\"async\" class=\"alignnone size-large wp-image-110\" src=\"http:\/\/varvsgatan.se\/wp-content\/uploads\/2016\/07\/DSC00406-1024x768.jpg\" alt=\"DSC00406\" width=\"660\" height=\"495\" srcset=\"https:\/\/varvsgatan.se\/wp-content\/uploads\/2016\/07\/DSC00406-1024x768.jpg 1024w, https:\/\/varvsgatan.se\/wp-content\/uploads\/2016\/07\/DSC00406-300x225.jpg 300w\" sizes=\"auto, (max-width: 660px) 100vw, 660px\" \/><\/a><\/p>\n<p><a href=\"http:\/\/varvsgatan.se\/wp-content\/uploads\/2016\/07\/DSC00407.jpg\"><img loading=\"lazy\" decoding=\"async\" class=\"alignnone size-large wp-image-111\" src=\"http:\/\/varvsgatan.se\/wp-content\/uploads\/2016\/07\/DSC00407-1024x768.jpg\" alt=\"DSC00407\" width=\"660\" height=\"495\" srcset=\"https:\/\/varvsgatan.se\/wp-content\/uploads\/2016\/07\/DSC00407-1024x768.jpg 1024w, https:\/\/varvsgatan.se\/wp-content\/uploads\/2016\/07\/DSC00407-300x225.jpg 300w\" sizes=\"auto, (max-width: 660px) 100vw, 660px\" \/><\/a><\/p>\n<p><a href=\"http:\/\/varvsgatan.se\/wp-content\/uploads\/2016\/07\/DSC00408.jpg\"><img loading=\"lazy\" decoding=\"async\" class=\"alignnone size-large wp-image-112\" src=\"http:\/\/varvsgatan.se\/wp-content\/uploads\/2016\/07\/DSC00408-1024x768.jpg\" alt=\"DSC00408\" width=\"660\" height=\"495\" srcset=\"https:\/\/varvsgatan.se\/wp-content\/uploads\/2016\/07\/DSC00408-1024x768.jpg 1024w, https:\/\/varvsgatan.se\/wp-content\/uploads\/2016\/07\/DSC00408-300x225.jpg 300w\" sizes=\"auto, (max-width: 660px) 100vw, 660px\" \/><\/a><\/p>\n<p><a href=\"http:\/\/varvsgatan.se\/wp-content\/uploads\/2016\/07\/DSC00409.jpg\"><img loading=\"lazy\" decoding=\"async\" class=\"alignnone size-large wp-image-113\" src=\"http:\/\/varvsgatan.se\/wp-content\/uploads\/2016\/07\/DSC00409-1024x768.jpg\" alt=\"DSC00409\" width=\"660\" height=\"495\" srcset=\"https:\/\/varvsgatan.se\/wp-content\/uploads\/2016\/07\/DSC00409-1024x768.jpg 1024w, https:\/\/varvsgatan.se\/wp-content\/uploads\/2016\/07\/DSC00409-300x225.jpg 300w\" sizes=\"auto, (max-width: 660px) 100vw, 660px\" \/><\/a><\/p>\n<p><a href=\"http:\/\/varvsgatan.se\/wp-content\/uploads\/2016\/07\/DSC00410.jpg\"><img loading=\"lazy\" decoding=\"async\" class=\"alignnone wp-image-114 size-large\" src=\"http:\/\/varvsgatan.se\/wp-content\/uploads\/2016\/07\/DSC00410-e1469886849219-577x1024.jpg\" alt=\"DSC00410\" width=\"577\" height=\"1024\" srcset=\"https:\/\/varvsgatan.se\/wp-content\/uploads\/2016\/07\/DSC00410-e1469886849219-577x1024.jpg 577w, https:\/\/varvsgatan.se\/wp-content\/uploads\/2016\/07\/DSC00410-e1469886849219-169x300.jpg 169w\" sizes=\"auto, (max-width: 577px) 100vw, 577px\" \/><\/a><\/p>\n<p><a href=\"http:\/\/varvsgatan.se\/wp-content\/uploads\/2016\/07\/DSC00413.jpg\"><img loading=\"lazy\" decoding=\"async\" class=\"alignnone wp-image-115 size-large\" src=\"http:\/\/varvsgatan.se\/wp-content\/uploads\/2016\/07\/DSC00413-e1600981239875-577x1024.jpg\" alt=\"DSC00413\" width=\"577\" height=\"1024\" srcset=\"https:\/\/varvsgatan.se\/wp-content\/uploads\/2016\/07\/DSC00413-e1600981239875-577x1024.jpg 577w, https:\/\/varvsgatan.se\/wp-content\/uploads\/2016\/07\/DSC00413-e1600981239875-169x300.jpg 169w, https:\/\/varvsgatan.se\/wp-content\/uploads\/2016\/07\/DSC00413-e1600981239875-768x1363.jpg 768w\" sizes=\"auto, (max-width: 577px) 100vw, 577px\" \/><\/a><\/p>\n<p><a href=\"http:\/\/varvsgatan.se\/wp-content\/uploads\/2016\/07\/DSC00421.jpg\"><img loading=\"lazy\" decoding=\"async\" class=\"alignnone wp-image-116 size-large\" src=\"http:\/\/varvsgatan.se\/wp-content\/uploads\/2016\/07\/DSC00421-e1600981291502-768x1024.jpg\" alt=\"DSC00421\" width=\"660\" height=\"880\" srcset=\"https:\/\/varvsgatan.se\/wp-content\/uploads\/2016\/07\/DSC00421-e1600981291502-768x1024.jpg 768w, https:\/\/varvsgatan.se\/wp-content\/uploads\/2016\/07\/DSC00421-e1600981291502-225x300.jpg 225w, https:\/\/varvsgatan.se\/wp-content\/uploads\/2016\/07\/DSC00421-e1600981291502.jpg 1944w\" sizes=\"auto, (max-width: 660px) 100vw, 660px\" \/><\/a><\/p>\n<p><a href=\"http:\/\/varvsgatan.se\/wp-content\/uploads\/2016\/07\/DSC00423.jpg\"><img loading=\"lazy\" decoding=\"async\" class=\"alignnone size-large wp-image-117\" src=\"http:\/\/varvsgatan.se\/wp-content\/uploads\/2016\/07\/DSC00423-1024x768.jpg\" alt=\"DSC00423\" width=\"660\" height=\"495\" srcset=\"https:\/\/varvsgatan.se\/wp-content\/uploads\/2016\/07\/DSC00423-1024x768.jpg 1024w, https:\/\/varvsgatan.se\/wp-content\/uploads\/2016\/07\/DSC00423-300x225.jpg 300w\" sizes=\"auto, (max-width: 660px) 100vw, 660px\" \/><\/a><\/p>\n<p><a href=\"http:\/\/varvsgatan.se\/wp-content\/uploads\/2016\/07\/DSC00424.jpg\"><img loading=\"lazy\" decoding=\"async\" class=\"alignnone size-large wp-image-118\" src=\"http:\/\/varvsgatan.se\/wp-content\/uploads\/2016\/07\/DSC00424-1024x768.jpg\" alt=\"DSC00424\" width=\"660\" height=\"495\" srcset=\"https:\/\/varvsgatan.se\/wp-content\/uploads\/2016\/07\/DSC00424-1024x768.jpg 1024w, https:\/\/varvsgatan.se\/wp-content\/uploads\/2016\/07\/DSC00424-300x225.jpg 300w\" sizes=\"auto, (max-width: 660px) 100vw, 660px\" \/><\/a><\/p>\n<p>&nbsp;<\/p>\n<p>&nbsp;<\/p>\n","protected":false},"excerpt":{"rendered":"<p>Fr\u00e5n Saxemara Classic Boat Show 2016 &nbsp; &nbsp;<\/p>\n","protected":false},"author":1,"featured_media":100,"parent":0,"menu_order":0,"comment_status":"closed","ping_status":"closed","template":"","meta":{"footnotes":""},"class_list":["post-97","page","type-page","status-publish","has-post-thumbnail","hentry"],"_links":{"self":[{"href":"https:\/\/varvsgatan.se\/index.php?rest_route=\/wp\/v2\/pages\/97","targetHints":{"allow":["GET"]}}],"collection":[{"href":"https:\/\/varvsgatan.se\/index.php?rest_route=\/wp\/v2\/pages"}],"about":[{"href":"https:\/\/varvsgatan.se\/index.php?rest_route=\/wp\/v2\/types\/page"}],"author":[{"embeddable":true,"href":"https:\/\/varvsgatan.se\/index.php?rest_route=\/wp\/v2\/users\/1"}],"replies":[{"embeddable":true,"href":"https:\/\/varvsgatan.se\/index.php?rest_route=%2Fwp%2Fv2%2Fcomments&post=97"}],"version-history":[{"count":10,"href":"https:\/\/varvsgatan.se\/index.php?rest_route=\/wp\/v2\/pages\/97\/revisions"}],"predecessor-version":[{"id":502,"href":"https:\/\/varvsgatan.se\/index.php?rest_route=\/wp\/v2\/pages\/97\/revisions\/502"}],"wp:featuredmedia":[{"embeddable":true,"href":"https:\/\/varvsgatan.se\/index.php?rest_route=\/wp\/v2\/media\/100"}],"wp:attachment":[{"href":"https:\/\/varvsgatan.se\/index.php?rest_route=%2Fwp%2Fv2%2Fmedia&parent=97"}],"curies":[{"name":"wp","href":"https:\/\/api.w.org\/{rel}","templated":true}]}}